{"id":125,"date":"2021-07-22T18:00:17","date_gmt":"2021-07-22T16:00:17","guid":{"rendered":"https:\/\/Initiativprojekte.blogs.ruhr-uni-bochum.de\/?page_id=125"},"modified":"2024-08-26T17:41:48","modified_gmt":"2024-08-26T15:41:48","slug":"zeitschriften","status":"publish","type":"page","link":"https:\/\/initiativprojekte.blogs.ruhr-uni-bochum.de\/Startseite\/zeitschriften\/","title":{"rendered":"Zeitschriften"},"content":{"rendered":"<div class=\"wp-block-image\">\n<figure class=\"aligncenter size-large is-resized\"><img loading=\"lazy\" decoding=\"async\" width=\"1024\" height=\"683\" src=\"https:\/\/Initiativprojekte.blogs.ruhr-uni-bochum.de\/wp-content\/uploads\/2023\/08\/jonas-jacobsson-0FRJ2SCuY4k-unsplash-1024x683.jpg\" alt=\"\" class=\"wp-image-1854\" style=\"width:830px;height:550px\"\/><figcaption class=\"wp-element-caption\">Eine aufgeschlagene Zeitschrift<\/figcaption><\/figure>\n<\/div>\n\n\n<hr class=\"wp-block-separator has-text-color has-alpha-channel-opacity has-background is-style-wide\" style=\"background-color:#e7e7e7;color:#e7e7e7\"\/>\n\n\n\n<h1 class=\"wp-block-heading has-text-color has-large-font-size\" style=\"color:#17365c;text-transform:uppercase\"><strong>Zeitschriften, die in den <\/strong><br><strong>Projekten entstanden sind<\/strong><\/h1>\n\n\n\n<h2 class=\"wp-block-heading has-text-color has-medium-font-size\" style=\"color:#8dae10;text-transform:uppercase\"><strong>GeoLoge<\/strong><\/h2>\n\n\n\n<p class=\"has-text-color\" style=\"color:#17365c\">Die GeoLoge ist eine wissenschaftliche Open-Access Zeitschrift von Studierenden und jungen Nachwuchswissenschaftler*innen der Geographie. Das Projekt erm\u00f6glicht Studierenden bereits w\u00e4hrend ihres Studiums sowie wissenschaftlichen Mitarbeitern Artikel zu publizieren und so einen Mehrwert aus ihren wissenschaftlichen Arbeiten zu ziehen.\u00a0\u00a0<br>Dabei sind nicht nur Studierende und Mitarbeiter der Geographie, sondern aus allen verwandten Disziplinen gefragt! Hat eure Arbeit einen geographischen Bezug? Dann publiziert diese in Form eines Artikels bei uns!<\/p>\n\n\n\n<p class=\"has-text-color\" style=\"color:#17365c\"><strong>Website:<\/strong> <a href=\"https:\/\/lehreladen.rub.de\/lehrformate-methoden\/forschendes-lernen\/praxisbeispiele-forschendes-lernen\/geologe\/\" target=\"_blank\" rel=\"noreferrer noopener\">https:\/\/lehreladen.rub.de\/lehrformate-methoden\/forschendes-lernen\/praxisbeispiele-forschendes-lernen\/geologe\/<\/a><\/p>\n\n\n\n<div style=\"height:29px\" aria-hidden=\"true\" class=\"wp-block-spacer\"><\/div>\n\n\n\n<hr class=\"wp-block-separator has-text-color has-alpha-channel-opacity has-background is-style-wide\" style=\"background-color:#e7e7e7;color:#e7e7e7\"\/>\n\n\n\n<h2 class=\"wp-block-heading has-text-color has-medium-font-size\" style=\"color:#8dae10;text-transform:uppercase\"><strong>Nexus: Studentische Zeitschrift <\/strong><br><strong>des Seminars f\u00fcr Klassische Philologie an der RUB<\/strong><\/h2>\n\n\n\n<p class=\"has-text-color\" style=\"color:#17365c\">\u201eNexus\u201c ist die studentische Zeitschrift des Seminars f\u00fcr Klassische Philologie an der RUB, in der sich alles um das Thema Antike dreht. Ziel des inSTUDIESplus-Projekts ist es, unsere Zeitschrift breiter aufzustellen, indem wir verst\u00e4rkt Perspektiven aus anderen F\u00e4chern einbeziehen und mit dem brandneuen Ressort \u201eAntike (inter-)national\u201c auch den Blick \u00fcber Bochum bzw. Deutschland hinaus richten. Wir wollen damit sowohl das Thema Antike einer gr\u00f6\u00dferen und diverseren Leserschaft zug\u00e4nglich machen als auch den Studierenden an unserem Seminar neue Ankn\u00fcpfungspunkte und M\u00f6glichkeiten aufzeigen<\/p>\n\n\n\n<p class=\"has-text-color\" style=\"color:#17365c\"><br><strong>Website:<\/strong> <a href=\"https:\/\/www.ruhr-uni-bochum.de\/fr-klassphil\/\" target=\"_blank\" rel=\"noreferrer noopener\">https:\/\/www.ruhr-uni-bochum.de\/fr-klassphil\/<\/a><\/p>\n\n\n\n<div style=\"height:29px\" aria-hidden=\"true\" class=\"wp-block-spacer\"><\/div>\n\n\n\n<hr class=\"wp-block-separator has-text-color has-alpha-channel-opacity has-background is-style-wide\" style=\"background-color:#e7e7e7;color:#e7e7e7\"\/>\n","protected":false},"excerpt":{"rendered":"<p>Zeitschriften, die in den Projekten entstanden sind GeoLoge Die GeoLoge ist eine wissenschaftliche Open-Access Zeitschrift von Studierenden und jungen Nachwuchswissenschaftler*innen der Geographie. Das Projekt erm\u00f6glicht Studierenden bereits w\u00e4hrend ihres Studiums &#8230;<\/p>\n","protected":false},"author":2,"featured_media":0,"parent":0,"menu_order":0,"comment_status":"closed","ping_status":"closed","template":"","meta":{"footnotes":""},"class_list":["post-125","page","type-page","status-publish","hentry"],"yoast_head":"<!-- This site is optimized with the Yoast SEO plugin v27.6 - https:\/\/yoast.com\/product\/yoast-seo-wordpress\/ -->\n<title>Zeitschriften - Studentische Initiativprojekte<\/title>\n<meta name=\"robots\" content=\"index, follow, max-snippet:-1, max-image-preview:large, max-video-preview:-1\" \/>\n<link rel=\"canonical\" href=\"https:\/\/initiativprojekte.blogs.ruhr-uni-bochum.de\/Startseite\/zeitschriften\/\" \/>\n<meta property=\"og:locale\" content=\"de_DE\" \/>\n<meta property=\"og:type\" content=\"article\" \/>\n<meta property=\"og:title\" content=\"Zeitschriften - Studentische Initiativprojekte\" \/>\n<meta property=\"og:description\" content=\"Zeitschriften, die in den Projekten entstanden sind GeoLoge Die GeoLoge ist eine wissenschaftliche Open-Access Zeitschrift von Studierenden und jungen Nachwuchswissenschaftler*innen der Geographie. Das Projekt erm\u00f6glicht Studierenden bereits w\u00e4hrend ihres Studiums ...\" \/>\n<meta property=\"og:url\" content=\"https:\/\/initiativprojekte.blogs.ruhr-uni-bochum.de\/Startseite\/zeitschriften\/\" \/>\n<meta property=\"og:site_name\" content=\"Studentische Initiativprojekte\" \/>\n<meta property=\"article:modified_time\" content=\"2024-08-26T15:41:48+00:00\" \/>\n<meta property=\"og:image\" content=\"https:\/\/Initiativprojekte.blogs.ruhr-uni-bochum.de\/wp-content\/uploads\/2023\/08\/jonas-jacobsson-0FRJ2SCuY4k-unsplash-1024x683.jpg\" \/>\n<meta name=\"twitter:card\" content=\"summary_large_image\" \/>\n<meta name=\"twitter:label1\" content=\"Gesch\u00e4tzte Lesezeit\" \/>\n\t<meta name=\"twitter:data1\" content=\"2\u00a0Minuten\" \/>\n<script type=\"application\/ld+json\" class=\"yoast-schema-graph\">{\"@context\":\"https:\\\/\\\/schema.org\",\"@graph\":[{\"@type\":\"WebPage\",\"@id\":\"https:\\\/\\\/initiativprojekte.blogs.ruhr-uni-bochum.de\\\/Startseite\\\/zeitschriften\\\/\",\"url\":\"https:\\\/\\\/initiativprojekte.blogs.ruhr-uni-bochum.de\\\/Startseite\\\/zeitschriften\\\/\",\"name\":\"Zeitschriften - Studentische Initiativprojekte\",\"isPartOf\":{\"@id\":\"https:\\\/\\\/initiativprojekte.blogs.ruhr-uni-bochum.de\\\/Startseite\\\/#website\"},\"primaryImageOfPage\":{\"@id\":\"https:\\\/\\\/initiativprojekte.blogs.ruhr-uni-bochum.de\\\/Startseite\\\/zeitschriften\\\/#primaryimage\"},\"image\":{\"@id\":\"https:\\\/\\\/initiativprojekte.blogs.ruhr-uni-bochum.de\\\/Startseite\\\/zeitschriften\\\/#primaryimage\"},\"thumbnailUrl\":\"https:\\\/\\\/Initiativprojekte.blogs.ruhr-uni-bochum.de\\\/wp-content\\\/uploads\\\/2023\\\/08\\\/jonas-jacobsson-0FRJ2SCuY4k-unsplash-1024x683.jpg\",\"datePublished\":\"2021-07-22T16:00:17+00:00\",\"dateModified\":\"2024-08-26T15:41:48+00:00\",\"breadcrumb\":{\"@id\":\"https:\\\/\\\/initiativprojekte.blogs.ruhr-uni-bochum.de\\\/Startseite\\\/zeitschriften\\\/#breadcrumb\"},\"inLanguage\":\"de\",\"potentialAction\":[{\"@type\":\"ReadAction\",\"target\":[\"https:\\\/\\\/initiativprojekte.blogs.ruhr-uni-bochum.de\\\/Startseite\\\/zeitschriften\\\/\"]}]},{\"@type\":\"ImageObject\",\"inLanguage\":\"de\",\"@id\":\"https:\\\/\\\/initiativprojekte.blogs.ruhr-uni-bochum.de\\\/Startseite\\\/zeitschriften\\\/#primaryimage\",\"url\":\"https:\\\/\\\/Initiativprojekte.blogs.ruhr-uni-bochum.de\\\/wp-content\\\/uploads\\\/2023\\\/08\\\/jonas-jacobsson-0FRJ2SCuY4k-unsplash-1024x683.jpg\",\"contentUrl\":\"https:\\\/\\\/Initiativprojekte.blogs.ruhr-uni-bochum.de\\\/wp-content\\\/uploads\\\/2023\\\/08\\\/jonas-jacobsson-0FRJ2SCuY4k-unsplash-1024x683.jpg\"},{\"@type\":\"BreadcrumbList\",\"@id\":\"https:\\\/\\\/initiativprojekte.blogs.ruhr-uni-bochum.de\\\/Startseite\\\/zeitschriften\\\/#breadcrumb\",\"itemListElement\":[{\"@type\":\"ListItem\",\"position\":1,\"name\":\"Startseite\",\"item\":\"https:\\\/\\\/initiativprojekte.blogs.ruhr-uni-bochum.de\\\/Startseite\\\/\"},{\"@type\":\"ListItem\",\"position\":2,\"name\":\"Zeitschriften\"}]},{\"@type\":\"WebSite\",\"@id\":\"https:\\\/\\\/initiativprojekte.blogs.ruhr-uni-bochum.de\\\/Startseite\\\/#website\",\"url\":\"https:\\\/\\\/initiativprojekte.blogs.ruhr-uni-bochum.de\\\/Startseite\\\/\",\"name\":\"Studentische Initiativprojekte\",\"description\":\"In der Lehre\",\"publisher\":{\"@id\":\"https:\\\/\\\/initiativprojekte.blogs.ruhr-uni-bochum.de\\\/Startseite\\\/#organization\"},\"potentialAction\":[{\"@type\":\"SearchAction\",\"target\":{\"@type\":\"EntryPoint\",\"urlTemplate\":\"https:\\\/\\\/initiativprojekte.blogs.ruhr-uni-bochum.de\\\/Startseite\\\/?s={search_term_string}\"},\"query-input\":{\"@type\":\"PropertyValueSpecification\",\"valueRequired\":true,\"valueName\":\"search_term_string\"}}],\"inLanguage\":\"de\"},{\"@type\":\"Organization\",\"@id\":\"https:\\\/\\\/initiativprojekte.blogs.ruhr-uni-bochum.de\\\/Startseite\\\/#organization\",\"name\":\"Studentische Initiativprojekte\",\"url\":\"https:\\\/\\\/initiativprojekte.blogs.ruhr-uni-bochum.de\\\/Startseite\\\/\",\"logo\":{\"@type\":\"ImageObject\",\"inLanguage\":\"de\",\"@id\":\"https:\\\/\\\/initiativprojekte.blogs.ruhr-uni-bochum.de\\\/Startseite\\\/#\\\/schema\\\/logo\\\/image\\\/\",\"url\":\"https:\\\/\\\/Initiativprojekte.blogs.ruhr-uni-bochum.de\\\/wp-content\\\/uploads\\\/2023\\\/06\\\/Logo_Studentische-Initiativprojekte_RUB_Pfad_final_RGB_Webseite-2-e1686670073199.png\",\"contentUrl\":\"https:\\\/\\\/Initiativprojekte.blogs.ruhr-uni-bochum.de\\\/wp-content\\\/uploads\\\/2023\\\/06\\\/Logo_Studentische-Initiativprojekte_RUB_Pfad_final_RGB_Webseite-2-e1686670073199.png\",\"width\":250,\"height\":81,\"caption\":\"Studentische Initiativprojekte\"},\"image\":{\"@id\":\"https:\\\/\\\/initiativprojekte.blogs.ruhr-uni-bochum.de\\\/Startseite\\\/#\\\/schema\\\/logo\\\/image\\\/\"}}]}<\/script>\n<!-- \/ Yoast SEO plugin. -->","yoast_head_json":{"title":"Zeitschriften - Studentische Initiativprojekte","robots":{"index":"index","follow":"follow","max-snippet":"max-snippet:-1","max-image-preview":"max-image-preview:large","max-video-preview":"max-video-preview:-1"},"canonical":"https:\/\/initiativprojekte.blogs.ruhr-uni-bochum.de\/Startseite\/zeitschriften\/","og_locale":"de_DE","og_type":"article","og_title":"Zeitschriften - Studentische Initiativprojekte","og_description":"Zeitschriften, die in den Projekten entstanden sind GeoLoge Die GeoLoge ist eine wissenschaftliche Open-Access Zeitschrift von Studierenden und jungen Nachwuchswissenschaftler*innen der Geographie. Das Projekt erm\u00f6glicht Studierenden bereits w\u00e4hrend ihres Studiums ...","og_url":"https:\/\/initiativprojekte.blogs.ruhr-uni-bochum.de\/Startseite\/zeitschriften\/","og_site_name":"Studentische Initiativprojekte","article_modified_time":"2024-08-26T15:41:48+00:00","og_image":[{"url":"https:\/\/Initiativprojekte.blogs.ruhr-uni-bochum.de\/wp-content\/uploads\/2023\/08\/jonas-jacobsson-0FRJ2SCuY4k-unsplash-1024x683.jpg","type":"","width":"","height":""}],"twitter_card":"summary_large_image","twitter_misc":{"Gesch\u00e4tzte Lesezeit":"2\u00a0Minuten"},"schema":{"@context":"https:\/\/schema.org","@graph":[{"@type":"WebPage","@id":"https:\/\/initiativprojekte.blogs.ruhr-uni-bochum.de\/Startseite\/zeitschriften\/","url":"https:\/\/initiativprojekte.blogs.ruhr-uni-bochum.de\/Startseite\/zeitschriften\/","name":"Zeitschriften - Studentische Initiativprojekte","isPartOf":{"@id":"https:\/\/initiativprojekte.blogs.ruhr-uni-bochum.de\/Startseite\/#website"},"primaryImageOfPage":{"@id":"https:\/\/initiativprojekte.blogs.ruhr-uni-bochum.de\/Startseite\/zeitschriften\/#primaryimage"},"image":{"@id":"https:\/\/initiativprojekte.blogs.ruhr-uni-bochum.de\/Startseite\/zeitschriften\/#primaryimage"},"thumbnailUrl":"https:\/\/Initiativprojekte.blogs.ruhr-uni-bochum.de\/wp-content\/uploads\/2023\/08\/jonas-jacobsson-0FRJ2SCuY4k-unsplash-1024x683.jpg","datePublished":"2021-07-22T16:00:17+00:00","dateModified":"2024-08-26T15:41:48+00:00","breadcrumb":{"@id":"https:\/\/initiativprojekte.blogs.ruhr-uni-bochum.de\/Startseite\/zeitschriften\/#breadcrumb"},"inLanguage":"de","potentialAction":[{"@type":"ReadAction","target":["https:\/\/initiativprojekte.blogs.ruhr-uni-bochum.de\/Startseite\/zeitschriften\/"]}]},{"@type":"ImageObject","inLanguage":"de","@id":"https:\/\/initiativprojekte.blogs.ruhr-uni-bochum.de\/Startseite\/zeitschriften\/#primaryimage","url":"https:\/\/Initiativprojekte.blogs.ruhr-uni-bochum.de\/wp-content\/uploads\/2023\/08\/jonas-jacobsson-0FRJ2SCuY4k-unsplash-1024x683.jpg","contentUrl":"https:\/\/Initiativprojekte.blogs.ruhr-uni-bochum.de\/wp-content\/uploads\/2023\/08\/jonas-jacobsson-0FRJ2SCuY4k-unsplash-1024x683.jpg"},{"@type":"BreadcrumbList","@id":"https:\/\/initiativprojekte.blogs.ruhr-uni-bochum.de\/Startseite\/zeitschriften\/#breadcrumb","itemListElement":[{"@type":"ListItem","position":1,"name":"Startseite","item":"https:\/\/initiativprojekte.blogs.ruhr-uni-bochum.de\/Startseite\/"},{"@type":"ListItem","position":2,"name":"Zeitschriften"}]},{"@type":"WebSite","@id":"https:\/\/initiativprojekte.blogs.ruhr-uni-bochum.de\/Startseite\/#website","url":"https:\/\/initiativprojekte.blogs.ruhr-uni-bochum.de\/Startseite\/","name":"Studentische Initiativprojekte","description":"In der Lehre","publisher":{"@id":"https:\/\/initiativprojekte.blogs.ruhr-uni-bochum.de\/Startseite\/#organization"},"potentialAction":[{"@type":"SearchAction","target":{"@type":"EntryPoint","urlTemplate":"https:\/\/initiativprojekte.blogs.ruhr-uni-bochum.de\/Startseite\/?s={search_term_string}"},"query-input":{"@type":"PropertyValueSpecification","valueRequired":true,"valueName":"search_term_string"}}],"inLanguage":"de"},{"@type":"Organization","@id":"https:\/\/initiativprojekte.blogs.ruhr-uni-bochum.de\/Startseite\/#organization","name":"Studentische Initiativprojekte","url":"https:\/\/initiativprojekte.blogs.ruhr-uni-bochum.de\/Startseite\/","logo":{"@type":"ImageObject","inLanguage":"de","@id":"https:\/\/initiativprojekte.blogs.ruhr-uni-bochum.de\/Startseite\/#\/schema\/logo\/image\/","url":"https:\/\/Initiativprojekte.blogs.ruhr-uni-bochum.de\/wp-content\/uploads\/2023\/06\/Logo_Studentische-Initiativprojekte_RUB_Pfad_final_RGB_Webseite-2-e1686670073199.png","contentUrl":"https:\/\/Initiativprojekte.blogs.ruhr-uni-bochum.de\/wp-content\/uploads\/2023\/06\/Logo_Studentische-Initiativprojekte_RUB_Pfad_final_RGB_Webseite-2-e1686670073199.png","width":250,"height":81,"caption":"Studentische Initiativprojekte"},"image":{"@id":"https:\/\/initiativprojekte.blogs.ruhr-uni-bochum.de\/Startseite\/#\/schema\/logo\/image\/"}}]}},"featured_image_src":null,"featured_image_src_square":null,"_links":{"self":[{"href":"https:\/\/initiativprojekte.blogs.ruhr-uni-bochum.de\/Startseite\/wp-json\/wp\/v2\/pages\/125","targetHints":{"allow":["GET"]}}],"collection":[{"href":"https:\/\/initiativprojekte.blogs.ruhr-uni-bochum.de\/Startseite\/wp-json\/wp\/v2\/pages"}],"about":[{"href":"https:\/\/initiativprojekte.blogs.ruhr-uni-bochum.de\/Startseite\/wp-json\/wp\/v2\/types\/page"}],"author":[{"embeddable":true,"href":"https:\/\/initiativprojekte.blogs.ruhr-uni-bochum.de\/Startseite\/wp-json\/wp\/v2\/users\/2"}],"replies":[{"embeddable":true,"href":"https:\/\/initiativprojekte.blogs.ruhr-uni-bochum.de\/Startseite\/wp-json\/wp\/v2\/comments?post=125"}],"version-history":[{"count":11,"href":"https:\/\/initiativprojekte.blogs.ruhr-uni-bochum.de\/Startseite\/wp-json\/wp\/v2\/pages\/125\/revisions"}],"predecessor-version":[{"id":2486,"href":"https:\/\/initiativprojekte.blogs.ruhr-uni-bochum.de\/Startseite\/wp-json\/wp\/v2\/pages\/125\/revisions\/2486"}],"wp:attachment":[{"href":"https:\/\/initiativprojekte.blogs.ruhr-uni-bochum.de\/Startseite\/wp-json\/wp\/v2\/media?parent=125"}],"curies":[{"name":"wp","href":"https:\/\/api.w.org\/{rel}","templated":true}]}}