{"id":120,"date":"2021-07-22T17:54:12","date_gmt":"2021-07-22T15:54:12","guid":{"rendered":"https:\/\/Initiativprojekte.blogs.ruhr-uni-bochum.de\/?page_id=120"},"modified":"2024-08-24T13:45:58","modified_gmt":"2024-08-24T11:45:58","slug":"ausstellungen","status":"publish","type":"page","link":"https:\/\/initiativprojekte.blogs.ruhr-uni-bochum.de\/Startseite\/ausstellungen\/","title":{"rendered":"Ausstellungen"},"content":{"rendered":"<div class=\"wp-block-image\">\n<figure class=\"aligncenter size-large is-resized\"><img loading=\"lazy\" decoding=\"async\" width=\"1024\" height=\"682\" src=\"https:\/\/Initiativprojekte.blogs.ruhr-uni-bochum.de\/wp-content\/uploads\/2024\/01\/markus-spiske-RmvlD0oTsAo-unsplash-1024x682.jpg\" alt=\"\" class=\"wp-image-2194\" style=\"width:830px;height:550px\" srcset=\"https:\/\/Initiativprojekte.blogs.ruhr-uni-bochum.de\/wp-content\/uploads\/2024\/01\/markus-spiske-RmvlD0oTsAo-unsplash-1024x682.jpg 1024w, https:\/\/Initiativprojekte.blogs.ruhr-uni-bochum.de\/wp-content\/uploads\/2024\/01\/markus-spiske-RmvlD0oTsAo-unsplash-300x200.jpg 300w, https:\/\/Initiativprojekte.blogs.ruhr-uni-bochum.de\/wp-content\/uploads\/2024\/01\/markus-spiske-RmvlD0oTsAo-unsplash-768x512.jpg 768w, https:\/\/Initiativprojekte.blogs.ruhr-uni-bochum.de\/wp-content\/uploads\/2024\/01\/markus-spiske-RmvlD0oTsAo-unsplash-1536x1024.jpg 1536w, https:\/\/Initiativprojekte.blogs.ruhr-uni-bochum.de\/wp-content\/uploads\/2024\/01\/markus-spiske-RmvlD0oTsAo-unsplash-600x400.jpg 600w, https:\/\/Initiativprojekte.blogs.ruhr-uni-bochum.de\/wp-content\/uploads\/2024\/01\/markus-spiske-RmvlD0oTsAo-unsplash.jpg 2000w\" sizes=\"auto, (max-width: 1024px) 100vw, 1024px\" \/><figcaption class=\"wp-element-caption\">Foto von <a href=\"https:\/\/unsplash.com\/de\/@markusspiske?utm_content=creditCopyText&amp;utm_medium=referral&amp;utm_source=unsplash\">Markus Spiske<\/a> auf <a href=\"https:\/\/unsplash.com\/de\/fotos\/menschen-die-sich-fotos-ansehen-RmvlD0oTsAo?utm_content=creditCopyText&amp;utm_medium=referral&amp;utm_source=unsplash\">Unsplash<\/a><\/figcaption><\/figure>\n<\/div>\n\n\n<hr class=\"wp-block-separator has-text-color has-alpha-channel-opacity has-background is-style-wide\" style=\"background-color:#e7e7e7;color:#e7e7e7\"\/>\n\n\n\n<h1 class=\"wp-block-heading has-text-color has-large-font-size\" style=\"color:#17365c;text-transform:uppercase\"><strong>Ausstellungen, die in den <\/strong><br><strong>Projekten entstanden sind<\/strong><\/h1>\n\n\n\n<h2 class=\"wp-block-heading has-text-color has-medium-font-size\" style=\"color:#8dae10;text-transform:uppercase\"><strong>Erinnern und Vergessen \u2013&nbsp;<\/strong><br><strong>J\u00fcdische Erinnerungskultur in Osteuropa<\/strong><\/h2>\n\n\n\n<p class=\"has-text-color\" style=\"color:#17365c\">Der Vorgang des Erinnerns ist eng an den des Vergessens gekn\u00fcpft. Dies zeigen die eindrucksvollen Bilder des K\u00f6lner Fotografen Christian Herrmann, auf denen Orte der j\u00fcdischen Erinnerungskultur in Osteuropa zu erkennen sind \u2013 teilweise zerst\u00f6rt, von der Natur zur\u00fcckerobert oder auch schlichtweg in Vergessenheit geraten. Die Zeichen der Zeit drohen, diese Orte des kulturellen Erbes zu verwischen. Diese Sinnbilder f\u00fcr den Umgang mit Erinnerungen und Orten des Erinnerns stellen den Ausgangspunkt des studentischen Initiativprojektes Erinnern und Vergessen \u2013 J\u00fcdische Erinnerungskultur in Osteuropa dar. Das Projekt l\u00e4sst sich grob in zwei Phasen aufteilen: zun\u00e4chst eine Ausstellung im WS 17\/18 und Blockseminare im SoSe 18. Ein wesentlicher Aspekt stellt dabei der wissenschaftliche Umgang mit fotografischen Quellen dar.<\/p>\n\n\n\n<p class=\"has-text-color\" style=\"color:#17365c\"><strong>Website:<\/strong> <a href=\"https:\/\/erinnernundvergessen.blogs.ruhr-uni-bochum.de\/\" target=\"_blank\" rel=\"noreferrer noopener\">https:\/\/erinnernundvergessen.blogs.ruhr-uni-bochum.de\/<\/a><\/p>\n\n\n\n<div style=\"height:29px\" aria-hidden=\"true\" class=\"wp-block-spacer\"><\/div>\n\n\n\n<hr class=\"wp-block-separator has-text-color has-alpha-channel-opacity has-background is-style-wide\" style=\"background-color:#e7e7e7;color:#e7e7e7\"\/>\n\n\n\n<h2 class=\"wp-block-heading has-text-color has-medium-font-size\" style=\"color:#8dae10;text-transform:uppercase\"><strong>Opel und Bochum<\/strong><\/h2>\n\n\n\n<p class=\"has-text-color\" style=\"color:#17365c\">Das Projekt fokussiert sich auf die Planung und Umsetzung einer Ausstellung im M\u00e4rz 2018 zum lokalen Thema &#8222;Open und Bochum&#8220;. Studierende erlernen, wie Geschichte sich au\u00dferhalb der universit\u00e4ren Forschung in der \u00d6ffentlichkeit pr\u00e4sentiert und gewinnen berufsbezogene Erfahrungen. Andererseits, wird so der Bochumer Bev\u00f6lkerung ein Zugang zur Stadtgeschichte erm\u00f6glicht<\/p>\n\n\n\n<div style=\"height:29px\" aria-hidden=\"true\" class=\"wp-block-spacer\"><\/div>\n\n\n\n<hr class=\"wp-block-separator has-text-color has-alpha-channel-opacity has-background is-style-wide\" style=\"background-color:#e7e7e7;color:#e7e7e7\"\/>\n","protected":false},"excerpt":{"rendered":"<p>Ausstellungen, die in den Projekten entstanden sind Erinnern und Vergessen \u2013&nbsp;J\u00fcdische Erinnerungskultur in Osteuropa Der Vorgang des Erinnerns ist eng an den des Vergessens gekn\u00fcpft. Dies zeigen die eindrucksvollen Bilder &#8230;<\/p>\n","protected":false},"author":2,"featured_media":0,"parent":0,"menu_order":0,"comment_status":"closed","ping_status":"closed","template":"","meta":{"footnotes":""},"class_list":["post-120","page","type-page","status-publish","hentry"],"yoast_head":"<!-- This site is optimized with the Yoast SEO plugin v27.5 - https:\/\/yoast.com\/product\/yoast-seo-wordpress\/ -->\n<title>Ausstellungen - Studentische Initiativprojekte<\/title>\n<meta name=\"robots\" content=\"index, follow, max-snippet:-1, max-image-preview:large, max-video-preview:-1\" \/>\n<link rel=\"canonical\" href=\"https:\/\/initiativprojekte.blogs.ruhr-uni-bochum.de\/Startseite\/ausstellungen\/\" \/>\n<meta property=\"og:locale\" content=\"de_DE\" \/>\n<meta property=\"og:type\" content=\"article\" \/>\n<meta property=\"og:title\" content=\"Ausstellungen - Studentische Initiativprojekte\" \/>\n<meta property=\"og:description\" content=\"Ausstellungen, die in den Projekten entstanden sind Erinnern und Vergessen \u2013&nbsp;J\u00fcdische Erinnerungskultur in Osteuropa Der Vorgang des Erinnerns ist eng an den des Vergessens gekn\u00fcpft. Dies zeigen die eindrucksvollen Bilder ...\" \/>\n<meta property=\"og:url\" content=\"https:\/\/initiativprojekte.blogs.ruhr-uni-bochum.de\/Startseite\/ausstellungen\/\" \/>\n<meta property=\"og:site_name\" content=\"Studentische Initiativprojekte\" \/>\n<meta property=\"article:modified_time\" content=\"2024-08-24T11:45:58+00:00\" \/>\n<meta property=\"og:image\" content=\"https:\/\/Initiativprojekte.blogs.ruhr-uni-bochum.de\/wp-content\/uploads\/2024\/01\/markus-spiske-RmvlD0oTsAo-unsplash-1024x682.jpg\" \/>\n<meta name=\"twitter:card\" content=\"summary_large_image\" \/>\n<meta name=\"twitter:label1\" content=\"Gesch\u00e4tzte Lesezeit\" \/>\n\t<meta name=\"twitter:data1\" content=\"2\u00a0Minuten\" \/>\n<script type=\"application\/ld+json\" class=\"yoast-schema-graph\">{\"@context\":\"https:\\\/\\\/schema.org\",\"@graph\":[{\"@type\":\"WebPage\",\"@id\":\"https:\\\/\\\/initiativprojekte.blogs.ruhr-uni-bochum.de\\\/Startseite\\\/ausstellungen\\\/\",\"url\":\"https:\\\/\\\/initiativprojekte.blogs.ruhr-uni-bochum.de\\\/Startseite\\\/ausstellungen\\\/\",\"name\":\"Ausstellungen - Studentische Initiativprojekte\",\"isPartOf\":{\"@id\":\"https:\\\/\\\/initiativprojekte.blogs.ruhr-uni-bochum.de\\\/Startseite\\\/#website\"},\"primaryImageOfPage\":{\"@id\":\"https:\\\/\\\/initiativprojekte.blogs.ruhr-uni-bochum.de\\\/Startseite\\\/ausstellungen\\\/#primaryimage\"},\"image\":{\"@id\":\"https:\\\/\\\/initiativprojekte.blogs.ruhr-uni-bochum.de\\\/Startseite\\\/ausstellungen\\\/#primaryimage\"},\"thumbnailUrl\":\"https:\\\/\\\/Initiativprojekte.blogs.ruhr-uni-bochum.de\\\/wp-content\\\/uploads\\\/2024\\\/01\\\/markus-spiske-RmvlD0oTsAo-unsplash-1024x682.jpg\",\"datePublished\":\"2021-07-22T15:54:12+00:00\",\"dateModified\":\"2024-08-24T11:45:58+00:00\",\"breadcrumb\":{\"@id\":\"https:\\\/\\\/initiativprojekte.blogs.ruhr-uni-bochum.de\\\/Startseite\\\/ausstellungen\\\/#breadcrumb\"},\"inLanguage\":\"de\",\"potentialAction\":[{\"@type\":\"ReadAction\",\"target\":[\"https:\\\/\\\/initiativprojekte.blogs.ruhr-uni-bochum.de\\\/Startseite\\\/ausstellungen\\\/\"]}]},{\"@type\":\"ImageObject\",\"inLanguage\":\"de\",\"@id\":\"https:\\\/\\\/initiativprojekte.blogs.ruhr-uni-bochum.de\\\/Startseite\\\/ausstellungen\\\/#primaryimage\",\"url\":\"https:\\\/\\\/Initiativprojekte.blogs.ruhr-uni-bochum.de\\\/wp-content\\\/uploads\\\/2024\\\/01\\\/markus-spiske-RmvlD0oTsAo-unsplash-1024x682.jpg\",\"contentUrl\":\"https:\\\/\\\/Initiativprojekte.blogs.ruhr-uni-bochum.de\\\/wp-content\\\/uploads\\\/2024\\\/01\\\/markus-spiske-RmvlD0oTsAo-unsplash-1024x682.jpg\"},{\"@type\":\"BreadcrumbList\",\"@id\":\"https:\\\/\\\/initiativprojekte.blogs.ruhr-uni-bochum.de\\\/Startseite\\\/ausstellungen\\\/#breadcrumb\",\"itemListElement\":[{\"@type\":\"ListItem\",\"position\":1,\"name\":\"Startseite\",\"item\":\"https:\\\/\\\/initiativprojekte.blogs.ruhr-uni-bochum.de\\\/Startseite\\\/\"},{\"@type\":\"ListItem\",\"position\":2,\"name\":\"Ausstellungen\"}]},{\"@type\":\"WebSite\",\"@id\":\"https:\\\/\\\/initiativprojekte.blogs.ruhr-uni-bochum.de\\\/Startseite\\\/#website\",\"url\":\"https:\\\/\\\/initiativprojekte.blogs.ruhr-uni-bochum.de\\\/Startseite\\\/\",\"name\":\"Studentische Initiativprojekte\",\"description\":\"In der Lehre\",\"publisher\":{\"@id\":\"https:\\\/\\\/initiativprojekte.blogs.ruhr-uni-bochum.de\\\/Startseite\\\/#organization\"},\"potentialAction\":[{\"@type\":\"SearchAction\",\"target\":{\"@type\":\"EntryPoint\",\"urlTemplate\":\"https:\\\/\\\/initiativprojekte.blogs.ruhr-uni-bochum.de\\\/Startseite\\\/?s={search_term_string}\"},\"query-input\":{\"@type\":\"PropertyValueSpecification\",\"valueRequired\":true,\"valueName\":\"search_term_string\"}}],\"inLanguage\":\"de\"},{\"@type\":\"Organization\",\"@id\":\"https:\\\/\\\/initiativprojekte.blogs.ruhr-uni-bochum.de\\\/Startseite\\\/#organization\",\"name\":\"Studentische Initiativprojekte\",\"url\":\"https:\\\/\\\/initiativprojekte.blogs.ruhr-uni-bochum.de\\\/Startseite\\\/\",\"logo\":{\"@type\":\"ImageObject\",\"inLanguage\":\"de\",\"@id\":\"https:\\\/\\\/initiativprojekte.blogs.ruhr-uni-bochum.de\\\/Startseite\\\/#\\\/schema\\\/logo\\\/image\\\/\",\"url\":\"https:\\\/\\\/Initiativprojekte.blogs.ruhr-uni-bochum.de\\\/wp-content\\\/uploads\\\/2023\\\/06\\\/Logo_Studentische-Initiativprojekte_RUB_Pfad_final_RGB_Webseite-2-e1686670073199.png\",\"contentUrl\":\"https:\\\/\\\/Initiativprojekte.blogs.ruhr-uni-bochum.de\\\/wp-content\\\/uploads\\\/2023\\\/06\\\/Logo_Studentische-Initiativprojekte_RUB_Pfad_final_RGB_Webseite-2-e1686670073199.png\",\"width\":250,\"height\":81,\"caption\":\"Studentische Initiativprojekte\"},\"image\":{\"@id\":\"https:\\\/\\\/initiativprojekte.blogs.ruhr-uni-bochum.de\\\/Startseite\\\/#\\\/schema\\\/logo\\\/image\\\/\"}}]}<\/script>\n<!-- \/ Yoast SEO plugin. -->","yoast_head_json":{"title":"Ausstellungen - Studentische Initiativprojekte","robots":{"index":"index","follow":"follow","max-snippet":"max-snippet:-1","max-image-preview":"max-image-preview:large","max-video-preview":"max-video-preview:-1"},"canonical":"https:\/\/initiativprojekte.blogs.ruhr-uni-bochum.de\/Startseite\/ausstellungen\/","og_locale":"de_DE","og_type":"article","og_title":"Ausstellungen - Studentische Initiativprojekte","og_description":"Ausstellungen, die in den Projekten entstanden sind Erinnern und Vergessen \u2013&nbsp;J\u00fcdische Erinnerungskultur in Osteuropa Der Vorgang des Erinnerns ist eng an den des Vergessens gekn\u00fcpft. Dies zeigen die eindrucksvollen Bilder ...","og_url":"https:\/\/initiativprojekte.blogs.ruhr-uni-bochum.de\/Startseite\/ausstellungen\/","og_site_name":"Studentische Initiativprojekte","article_modified_time":"2024-08-24T11:45:58+00:00","og_image":[{"url":"https:\/\/Initiativprojekte.blogs.ruhr-uni-bochum.de\/wp-content\/uploads\/2024\/01\/markus-spiske-RmvlD0oTsAo-unsplash-1024x682.jpg","type":"","width":"","height":""}],"twitter_card":"summary_large_image","twitter_misc":{"Gesch\u00e4tzte Lesezeit":"2\u00a0Minuten"},"schema":{"@context":"https:\/\/schema.org","@graph":[{"@type":"WebPage","@id":"https:\/\/initiativprojekte.blogs.ruhr-uni-bochum.de\/Startseite\/ausstellungen\/","url":"https:\/\/initiativprojekte.blogs.ruhr-uni-bochum.de\/Startseite\/ausstellungen\/","name":"Ausstellungen - Studentische Initiativprojekte","isPartOf":{"@id":"https:\/\/initiativprojekte.blogs.ruhr-uni-bochum.de\/Startseite\/#website"},"primaryImageOfPage":{"@id":"https:\/\/initiativprojekte.blogs.ruhr-uni-bochum.de\/Startseite\/ausstellungen\/#primaryimage"},"image":{"@id":"https:\/\/initiativprojekte.blogs.ruhr-uni-bochum.de\/Startseite\/ausstellungen\/#primaryimage"},"thumbnailUrl":"https:\/\/Initiativprojekte.blogs.ruhr-uni-bochum.de\/wp-content\/uploads\/2024\/01\/markus-spiske-RmvlD0oTsAo-unsplash-1024x682.jpg","datePublished":"2021-07-22T15:54:12+00:00","dateModified":"2024-08-24T11:45:58+00:00","breadcrumb":{"@id":"https:\/\/initiativprojekte.blogs.ruhr-uni-bochum.de\/Startseite\/ausstellungen\/#breadcrumb"},"inLanguage":"de","potentialAction":[{"@type":"ReadAction","target":["https:\/\/initiativprojekte.blogs.ruhr-uni-bochum.de\/Startseite\/ausstellungen\/"]}]},{"@type":"ImageObject","inLanguage":"de","@id":"https:\/\/initiativprojekte.blogs.ruhr-uni-bochum.de\/Startseite\/ausstellungen\/#primaryimage","url":"https:\/\/Initiativprojekte.blogs.ruhr-uni-bochum.de\/wp-content\/uploads\/2024\/01\/markus-spiske-RmvlD0oTsAo-unsplash-1024x682.jpg","contentUrl":"https:\/\/Initiativprojekte.blogs.ruhr-uni-bochum.de\/wp-content\/uploads\/2024\/01\/markus-spiske-RmvlD0oTsAo-unsplash-1024x682.jpg"},{"@type":"BreadcrumbList","@id":"https:\/\/initiativprojekte.blogs.ruhr-uni-bochum.de\/Startseite\/ausstellungen\/#breadcrumb","itemListElement":[{"@type":"ListItem","position":1,"name":"Startseite","item":"https:\/\/initiativprojekte.blogs.ruhr-uni-bochum.de\/Startseite\/"},{"@type":"ListItem","position":2,"name":"Ausstellungen"}]},{"@type":"WebSite","@id":"https:\/\/initiativprojekte.blogs.ruhr-uni-bochum.de\/Startseite\/#website","url":"https:\/\/initiativprojekte.blogs.ruhr-uni-bochum.de\/Startseite\/","name":"Studentische Initiativprojekte","description":"In der Lehre","publisher":{"@id":"https:\/\/initiativprojekte.blogs.ruhr-uni-bochum.de\/Startseite\/#organization"},"potentialAction":[{"@type":"SearchAction","target":{"@type":"EntryPoint","urlTemplate":"https:\/\/initiativprojekte.blogs.ruhr-uni-bochum.de\/Startseite\/?s={search_term_string}"},"query-input":{"@type":"PropertyValueSpecification","valueRequired":true,"valueName":"search_term_string"}}],"inLanguage":"de"},{"@type":"Organization","@id":"https:\/\/initiativprojekte.blogs.ruhr-uni-bochum.de\/Startseite\/#organization","name":"Studentische Initiativprojekte","url":"https:\/\/initiativprojekte.blogs.ruhr-uni-bochum.de\/Startseite\/","logo":{"@type":"ImageObject","inLanguage":"de","@id":"https:\/\/initiativprojekte.blogs.ruhr-uni-bochum.de\/Startseite\/#\/schema\/logo\/image\/","url":"https:\/\/Initiativprojekte.blogs.ruhr-uni-bochum.de\/wp-content\/uploads\/2023\/06\/Logo_Studentische-Initiativprojekte_RUB_Pfad_final_RGB_Webseite-2-e1686670073199.png","contentUrl":"https:\/\/Initiativprojekte.blogs.ruhr-uni-bochum.de\/wp-content\/uploads\/2023\/06\/Logo_Studentische-Initiativprojekte_RUB_Pfad_final_RGB_Webseite-2-e1686670073199.png","width":250,"height":81,"caption":"Studentische Initiativprojekte"},"image":{"@id":"https:\/\/initiativprojekte.blogs.ruhr-uni-bochum.de\/Startseite\/#\/schema\/logo\/image\/"}}]}},"featured_image_src":null,"featured_image_src_square":null,"_links":{"self":[{"href":"https:\/\/initiativprojekte.blogs.ruhr-uni-bochum.de\/Startseite\/wp-json\/wp\/v2\/pages\/120","targetHints":{"allow":["GET"]}}],"collection":[{"href":"https:\/\/initiativprojekte.blogs.ruhr-uni-bochum.de\/Startseite\/wp-json\/wp\/v2\/pages"}],"about":[{"href":"https:\/\/initiativprojekte.blogs.ruhr-uni-bochum.de\/Startseite\/wp-json\/wp\/v2\/types\/page"}],"author":[{"embeddable":true,"href":"https:\/\/initiativprojekte.blogs.ruhr-uni-bochum.de\/Startseite\/wp-json\/wp\/v2\/users\/2"}],"replies":[{"embeddable":true,"href":"https:\/\/initiativprojekte.blogs.ruhr-uni-bochum.de\/Startseite\/wp-json\/wp\/v2\/comments?post=120"}],"version-history":[{"count":11,"href":"https:\/\/initiativprojekte.blogs.ruhr-uni-bochum.de\/Startseite\/wp-json\/wp\/v2\/pages\/120\/revisions"}],"predecessor-version":[{"id":2450,"href":"https:\/\/initiativprojekte.blogs.ruhr-uni-bochum.de\/Startseite\/wp-json\/wp\/v2\/pages\/120\/revisions\/2450"}],"wp:attachment":[{"href":"https:\/\/initiativprojekte.blogs.ruhr-uni-bochum.de\/Startseite\/wp-json\/wp\/v2\/media?parent=120"}],"curies":[{"name":"wp","href":"https:\/\/api.w.org\/{rel}","templated":true}]}}