{"id":106,"date":"2021-07-22T16:46:14","date_gmt":"2021-07-22T14:46:14","guid":{"rendered":"https:\/\/Initiativprojekte.blogs.ruhr-uni-bochum.de\/?page_id=106"},"modified":"2026-04-14T11:56:19","modified_gmt":"2026-04-14T09:56:19","slug":"aktuelle-projekte","status":"publish","type":"page","link":"https:\/\/initiativprojekte.blogs.ruhr-uni-bochum.de\/Startseite\/aktuelle-projekte\/","title":{"rendered":"Aktuelle Projekte"},"content":{"rendered":"<div class=\"wp-block-image\">\n<figure class=\"aligncenter size-large is-resized\"><img data-dominant-color=\"848586\" data-has-transparency=\"false\" loading=\"lazy\" decoding=\"async\" width=\"1024\" height=\"684\" src=\"https:\/\/Initiativprojekte.blogs.ruhr-uni-bochum.de\/wp-content\/uploads\/2026\/04\/02_Studierende-Gesichter_Lizenz_by_Hochschulkommunikation_RUB-1024x684.jpg\" alt=\"\" class=\"wp-image-2688 not-transparent\" style=\"--dominant-color: #848586; width:830px;height:550px\" srcset=\"https:\/\/Initiativprojekte.blogs.ruhr-uni-bochum.de\/wp-content\/uploads\/2026\/04\/02_Studierende-Gesichter_Lizenz_by_Hochschulkommunikation_RUB-1024x684.jpg 1024w, https:\/\/Initiativprojekte.blogs.ruhr-uni-bochum.de\/wp-content\/uploads\/2026\/04\/02_Studierende-Gesichter_Lizenz_by_Hochschulkommunikation_RUB-300x200.jpg 300w, https:\/\/Initiativprojekte.blogs.ruhr-uni-bochum.de\/wp-content\/uploads\/2026\/04\/02_Studierende-Gesichter_Lizenz_by_Hochschulkommunikation_RUB-768x513.jpg 768w, https:\/\/Initiativprojekte.blogs.ruhr-uni-bochum.de\/wp-content\/uploads\/2026\/04\/02_Studierende-Gesichter_Lizenz_by_Hochschulkommunikation_RUB-1536x1025.jpg 1536w, https:\/\/Initiativprojekte.blogs.ruhr-uni-bochum.de\/wp-content\/uploads\/2026\/04\/02_Studierende-Gesichter_Lizenz_by_Hochschulkommunikation_RUB-600x400.jpg 600w, https:\/\/Initiativprojekte.blogs.ruhr-uni-bochum.de\/wp-content\/uploads\/2026\/04\/02_Studierende-Gesichter_Lizenz_by_Hochschulkommunikation_RUB.jpg 1772w\" sizes=\"auto, (max-width: 1024px) 100vw, 1024px\" \/><figcaption class=\"wp-element-caption\">Auf dem Weg zur Uni\u2028\u2028 \u00a9 RUB, Foto: Marquard<\/figcaption><\/figure>\n<\/div>\n\n\n<hr class=\"wp-block-separator has-text-color has-alpha-channel-opacity has-background is-style-wide\" style=\"background-color:#e7e7e7;color:#e7e7e7\"\/>\n\n\n\n<h1 class=\"wp-block-heading has-text-color has-large-font-size\" style=\"color:#17365c;text-transform:uppercase\"><strong>studentische Projekte aus der Ausschreibungsrunde WS 2025\/2026 <\/strong><\/h1>\n\n\n\n<div style=\"height:29px\" aria-hidden=\"true\" class=\"wp-block-spacer\"><\/div>\n\n\n\n<h2 class=\"wp-block-heading has-text-color has-medium-font-size\" style=\"color:#8dae10;text-transform:uppercase\">Auf den Spuren der Erinnerung \u2013 Lokale Ged\u00e4chtnislandschaften im Ruhrgebiet zwischen Theorie, Praxis und Vermittlung<\/h2>\n\n\n\n<p class=\"has-text-color\" style=\"color:#17365c\">Zwei Masterstudentinnden haben das Lehrprojekt \u201eErinnerungskultur im Ruhrgebiet\u201c initiiert, um sich mit Formen des Erinnerns und Vergessens in der Region auseinanderzusetzen. Ausgehend von einer pers\u00f6nlichen und fachlichen Auseinandersetzung mit Geschichte entwickeln sie ein Seminar, das Lernen an konkreten Erinnerungsorten mit wissenschaftlicher Reflexion verbindet. Im Fokus stehen unter anderem der Nationalsozialismus, der Erste Weltkrieg sowie die Industriekultur und ihre Bedeutung f\u00fcr die Gegenwart. Ziel ist es, ein kritisches Bewusstsein daf\u00fcr zu schaffen, welche Aspekte der Vergangenheit sichtbar gemacht und welche ausgeblendet werden. Interessierte k\u00f6nnen Kontakt zum Projektteam aufnehmen sowie weitere Informationen im verlinkten Beitrag finden.<\/p>\n\n\n\n<p class=\"has-text-color\" style=\"color:#17365c\"><strong>Beitrag:<\/strong> <a href=\"https:\/\/news.rub.de\/studium\/2026-04-09-lehrprojekt-erinnerungskultur-im-ruhrgebiet\">https:\/\/news.rub.de\/studium\/2026-04-09-lehrprojekt-erinnerungskultur-im-ruhrgebiet<\/a><\/p>\n\n\n\n<p class=\"has-text-color\" style=\"color:#17365c\"><strong>Kontakt:<\/strong> Forschungsprojekt-Erinnerung-Ruhrgebiet@rub.de<\/p>\n\n\n\n<div style=\"height:29px\" aria-hidden=\"true\" class=\"wp-block-spacer\"><\/div>\n\n\n\n<hr class=\"wp-block-separator has-text-color has-alpha-channel-opacity has-background is-style-wide\" style=\"background-color:#e7e7e7;color:#e7e7e7\"\/>\n\n\n\n<h2 class=\"wp-block-heading has-text-color has-medium-font-size\" style=\"color:#8dae10;text-transform:uppercase\">Start-up school<\/h2>\n\n\n\n<p class=\"has-text-color\" style=\"color:#17365c\">Zwei engagierte Studierende der Biologischen Fakult\u00e4t haben das Seminar \u201eStart-up School\u201c entwickelt, um Kommiliton:innen eine praxisnahe Einf\u00fchrung in wissenschaftliche Arbeitsweisen zu erm\u00f6glichen. Ausgehend von eigenen Forschungsideen lernen die Teilnehmenden, wie sich diese zu marktf\u00e4higen Konzepten weiterentwickeln lassen. Im Mittelpunkt steht die Konzeption eines eigenen Start-up-Projekts, das im Verlauf des Seminars ausgearbeitet wird. Dabei erwerben die Studierenden sowohl wissenschaftliche Kernkompetenzen wie Literaturrecherche, experimentelles Design und Datenauswertung als auch unmittelbar anwendbare F\u00e4higkeiten in den Bereichen Teamarbeit, Pitching und Projektmanagement. Workshops und die Begleitung durch Mentor:innen h\u00f6herer Semester unterst\u00fctzen den Transfer von theoretischem Wissen in praktische Anwendungen und f\u00f6rdern die eigenst\u00e4ndige Projektentwicklung. Interessierte k\u00f6nnen Kontakt zum Projektteam aufnehmen.<\/p>\n\n\n\n<p class=\"has-text-color\" style=\"color:#17365c\"><strong>Kontakt:<\/strong> igem@rub.de<\/p>\n\n\n\n<div style=\"height:29px\" aria-hidden=\"true\" class=\"wp-block-spacer\"><\/div>\n\n\n\n<hr class=\"wp-block-separator has-text-color has-alpha-channel-opacity has-background is-style-wide\" style=\"background-color:#e7e7e7;color:#e7e7e7\"\/>\n\n\n\n<div style=\"height:29px\" aria-hidden=\"true\" class=\"wp-block-spacer\"><\/div>\n","protected":false},"excerpt":{"rendered":"<p>studentische Projekte aus der Ausschreibungsrunde WS 2025\/2026 Auf den Spuren der Erinnerung \u2013 Lokale Ged\u00e4chtnislandschaften im Ruhrgebiet zwischen Theorie, Praxis und Vermittlung Zwei Masterstudentinnden haben das Lehrprojekt \u201eErinnerungskultur im Ruhrgebiet\u201c &#8230;<\/p>\n","protected":false},"author":2,"featured_media":0,"parent":0,"menu_order":0,"comment_status":"closed","ping_status":"closed","template":"","meta":{"footnotes":""},"class_list":["post-106","page","type-page","status-publish","hentry"],"yoast_head":"<!-- This site is optimized with the Yoast SEO plugin v27.5 - https:\/\/yoast.com\/product\/yoast-seo-wordpress\/ -->\n<title>Aktuelle Projekte - Studentische Initiativprojekte<\/title>\n<meta name=\"robots\" content=\"index, follow, max-snippet:-1, max-image-preview:large, max-video-preview:-1\" \/>\n<link rel=\"canonical\" href=\"https:\/\/initiativprojekte.blogs.ruhr-uni-bochum.de\/Startseite\/aktuelle-projekte\/\" \/>\n<meta property=\"og:locale\" content=\"de_DE\" \/>\n<meta property=\"og:type\" content=\"article\" \/>\n<meta property=\"og:title\" content=\"Aktuelle Projekte - Studentische Initiativprojekte\" \/>\n<meta property=\"og:description\" content=\"studentische Projekte aus der Ausschreibungsrunde WS 2025\/2026 Auf den Spuren der Erinnerung \u2013 Lokale Ged\u00e4chtnislandschaften im Ruhrgebiet zwischen Theorie, Praxis und Vermittlung Zwei Masterstudentinnden haben das Lehrprojekt \u201eErinnerungskultur im Ruhrgebiet\u201c ...\" \/>\n<meta property=\"og:url\" content=\"https:\/\/initiativprojekte.blogs.ruhr-uni-bochum.de\/Startseite\/aktuelle-projekte\/\" \/>\n<meta property=\"og:site_name\" content=\"Studentische Initiativprojekte\" \/>\n<meta property=\"article:modified_time\" content=\"2026-04-14T09:56:19+00:00\" \/>\n<meta property=\"og:image\" content=\"https:\/\/Initiativprojekte.blogs.ruhr-uni-bochum.de\/wp-content\/uploads\/2026\/04\/02_Studierende-Gesichter_Lizenz_by_Hochschulkommunikation_RUB.jpg\" \/>\n\t<meta property=\"og:image:width\" content=\"1772\" \/>\n\t<meta property=\"og:image:height\" content=\"1183\" \/>\n\t<meta property=\"og:image:type\" content=\"image\/jpeg\" \/>\n<meta name=\"twitter:card\" content=\"summary_large_image\" \/>\n<meta name=\"twitter:label1\" content=\"Gesch\u00e4tzte Lesezeit\" \/>\n\t<meta name=\"twitter:data1\" content=\"2\u00a0Minuten\" \/>\n<script type=\"application\/ld+json\" class=\"yoast-schema-graph\">{\"@context\":\"https:\\\/\\\/schema.org\",\"@graph\":[{\"@type\":\"WebPage\",\"@id\":\"https:\\\/\\\/initiativprojekte.blogs.ruhr-uni-bochum.de\\\/Startseite\\\/aktuelle-projekte\\\/\",\"url\":\"https:\\\/\\\/initiativprojekte.blogs.ruhr-uni-bochum.de\\\/Startseite\\\/aktuelle-projekte\\\/\",\"name\":\"Aktuelle Projekte - Studentische Initiativprojekte\",\"isPartOf\":{\"@id\":\"https:\\\/\\\/initiativprojekte.blogs.ruhr-uni-bochum.de\\\/Startseite\\\/#website\"},\"primaryImageOfPage\":{\"@id\":\"https:\\\/\\\/initiativprojekte.blogs.ruhr-uni-bochum.de\\\/Startseite\\\/aktuelle-projekte\\\/#primaryimage\"},\"image\":{\"@id\":\"https:\\\/\\\/initiativprojekte.blogs.ruhr-uni-bochum.de\\\/Startseite\\\/aktuelle-projekte\\\/#primaryimage\"},\"thumbnailUrl\":\"https:\\\/\\\/Initiativprojekte.blogs.ruhr-uni-bochum.de\\\/wp-content\\\/uploads\\\/2026\\\/04\\\/02_Studierende-Gesichter_Lizenz_by_Hochschulkommunikation_RUB-1024x684.jpg\",\"datePublished\":\"2021-07-22T14:46:14+00:00\",\"dateModified\":\"2026-04-14T09:56:19+00:00\",\"breadcrumb\":{\"@id\":\"https:\\\/\\\/initiativprojekte.blogs.ruhr-uni-bochum.de\\\/Startseite\\\/aktuelle-projekte\\\/#breadcrumb\"},\"inLanguage\":\"de\",\"potentialAction\":[{\"@type\":\"ReadAction\",\"target\":[\"https:\\\/\\\/initiativprojekte.blogs.ruhr-uni-bochum.de\\\/Startseite\\\/aktuelle-projekte\\\/\"]}]},{\"@type\":\"ImageObject\",\"inLanguage\":\"de\",\"@id\":\"https:\\\/\\\/initiativprojekte.blogs.ruhr-uni-bochum.de\\\/Startseite\\\/aktuelle-projekte\\\/#primaryimage\",\"url\":\"https:\\\/\\\/Initiativprojekte.blogs.ruhr-uni-bochum.de\\\/wp-content\\\/uploads\\\/2026\\\/04\\\/02_Studierende-Gesichter_Lizenz_by_Hochschulkommunikation_RUB-1024x684.jpg\",\"contentUrl\":\"https:\\\/\\\/Initiativprojekte.blogs.ruhr-uni-bochum.de\\\/wp-content\\\/uploads\\\/2026\\\/04\\\/02_Studierende-Gesichter_Lizenz_by_Hochschulkommunikation_RUB-1024x684.jpg\"},{\"@type\":\"BreadcrumbList\",\"@id\":\"https:\\\/\\\/initiativprojekte.blogs.ruhr-uni-bochum.de\\\/Startseite\\\/aktuelle-projekte\\\/#breadcrumb\",\"itemListElement\":[{\"@type\":\"ListItem\",\"position\":1,\"name\":\"Startseite\",\"item\":\"https:\\\/\\\/initiativprojekte.blogs.ruhr-uni-bochum.de\\\/Startseite\\\/\"},{\"@type\":\"ListItem\",\"position\":2,\"name\":\"Aktuelle Projekte\"}]},{\"@type\":\"WebSite\",\"@id\":\"https:\\\/\\\/initiativprojekte.blogs.ruhr-uni-bochum.de\\\/Startseite\\\/#website\",\"url\":\"https:\\\/\\\/initiativprojekte.blogs.ruhr-uni-bochum.de\\\/Startseite\\\/\",\"name\":\"Studentische Initiativprojekte\",\"description\":\"In der Lehre\",\"publisher\":{\"@id\":\"https:\\\/\\\/initiativprojekte.blogs.ruhr-uni-bochum.de\\\/Startseite\\\/#organization\"},\"potentialAction\":[{\"@type\":\"SearchAction\",\"target\":{\"@type\":\"EntryPoint\",\"urlTemplate\":\"https:\\\/\\\/initiativprojekte.blogs.ruhr-uni-bochum.de\\\/Startseite\\\/?s={search_term_string}\"},\"query-input\":{\"@type\":\"PropertyValueSpecification\",\"valueRequired\":true,\"valueName\":\"search_term_string\"}}],\"inLanguage\":\"de\"},{\"@type\":\"Organization\",\"@id\":\"https:\\\/\\\/initiativprojekte.blogs.ruhr-uni-bochum.de\\\/Startseite\\\/#organization\",\"name\":\"Studentische Initiativprojekte\",\"url\":\"https:\\\/\\\/initiativprojekte.blogs.ruhr-uni-bochum.de\\\/Startseite\\\/\",\"logo\":{\"@type\":\"ImageObject\",\"inLanguage\":\"de\",\"@id\":\"https:\\\/\\\/initiativprojekte.blogs.ruhr-uni-bochum.de\\\/Startseite\\\/#\\\/schema\\\/logo\\\/image\\\/\",\"url\":\"https:\\\/\\\/Initiativprojekte.blogs.ruhr-uni-bochum.de\\\/wp-content\\\/uploads\\\/2023\\\/06\\\/Logo_Studentische-Initiativprojekte_RUB_Pfad_final_RGB_Webseite-2-e1686670073199.png\",\"contentUrl\":\"https:\\\/\\\/Initiativprojekte.blogs.ruhr-uni-bochum.de\\\/wp-content\\\/uploads\\\/2023\\\/06\\\/Logo_Studentische-Initiativprojekte_RUB_Pfad_final_RGB_Webseite-2-e1686670073199.png\",\"width\":250,\"height\":81,\"caption\":\"Studentische Initiativprojekte\"},\"image\":{\"@id\":\"https:\\\/\\\/initiativprojekte.blogs.ruhr-uni-bochum.de\\\/Startseite\\\/#\\\/schema\\\/logo\\\/image\\\/\"}}]}<\/script>\n<!-- \/ Yoast SEO plugin. -->","yoast_head_json":{"title":"Aktuelle Projekte - Studentische Initiativprojekte","robots":{"index":"index","follow":"follow","max-snippet":"max-snippet:-1","max-image-preview":"max-image-preview:large","max-video-preview":"max-video-preview:-1"},"canonical":"https:\/\/initiativprojekte.blogs.ruhr-uni-bochum.de\/Startseite\/aktuelle-projekte\/","og_locale":"de_DE","og_type":"article","og_title":"Aktuelle Projekte - Studentische Initiativprojekte","og_description":"studentische Projekte aus der Ausschreibungsrunde WS 2025\/2026 Auf den Spuren der Erinnerung \u2013 Lokale Ged\u00e4chtnislandschaften im Ruhrgebiet zwischen Theorie, Praxis und Vermittlung Zwei Masterstudentinnden haben das Lehrprojekt \u201eErinnerungskultur im Ruhrgebiet\u201c ...","og_url":"https:\/\/initiativprojekte.blogs.ruhr-uni-bochum.de\/Startseite\/aktuelle-projekte\/","og_site_name":"Studentische Initiativprojekte","article_modified_time":"2026-04-14T09:56:19+00:00","og_image":[{"width":1772,"height":1183,"url":"https:\/\/Initiativprojekte.blogs.ruhr-uni-bochum.de\/wp-content\/uploads\/2026\/04\/02_Studierende-Gesichter_Lizenz_by_Hochschulkommunikation_RUB.jpg","type":"image\/jpeg"}],"twitter_card":"summary_large_image","twitter_misc":{"Gesch\u00e4tzte Lesezeit":"2\u00a0Minuten"},"schema":{"@context":"https:\/\/schema.org","@graph":[{"@type":"WebPage","@id":"https:\/\/initiativprojekte.blogs.ruhr-uni-bochum.de\/Startseite\/aktuelle-projekte\/","url":"https:\/\/initiativprojekte.blogs.ruhr-uni-bochum.de\/Startseite\/aktuelle-projekte\/","name":"Aktuelle Projekte - Studentische Initiativprojekte","isPartOf":{"@id":"https:\/\/initiativprojekte.blogs.ruhr-uni-bochum.de\/Startseite\/#website"},"primaryImageOfPage":{"@id":"https:\/\/initiativprojekte.blogs.ruhr-uni-bochum.de\/Startseite\/aktuelle-projekte\/#primaryimage"},"image":{"@id":"https:\/\/initiativprojekte.blogs.ruhr-uni-bochum.de\/Startseite\/aktuelle-projekte\/#primaryimage"},"thumbnailUrl":"https:\/\/Initiativprojekte.blogs.ruhr-uni-bochum.de\/wp-content\/uploads\/2026\/04\/02_Studierende-Gesichter_Lizenz_by_Hochschulkommunikation_RUB-1024x684.jpg","datePublished":"2021-07-22T14:46:14+00:00","dateModified":"2026-04-14T09:56:19+00:00","breadcrumb":{"@id":"https:\/\/initiativprojekte.blogs.ruhr-uni-bochum.de\/Startseite\/aktuelle-projekte\/#breadcrumb"},"inLanguage":"de","potentialAction":[{"@type":"ReadAction","target":["https:\/\/initiativprojekte.blogs.ruhr-uni-bochum.de\/Startseite\/aktuelle-projekte\/"]}]},{"@type":"ImageObject","inLanguage":"de","@id":"https:\/\/initiativprojekte.blogs.ruhr-uni-bochum.de\/Startseite\/aktuelle-projekte\/#primaryimage","url":"https:\/\/Initiativprojekte.blogs.ruhr-uni-bochum.de\/wp-content\/uploads\/2026\/04\/02_Studierende-Gesichter_Lizenz_by_Hochschulkommunikation_RUB-1024x684.jpg","contentUrl":"https:\/\/Initiativprojekte.blogs.ruhr-uni-bochum.de\/wp-content\/uploads\/2026\/04\/02_Studierende-Gesichter_Lizenz_by_Hochschulkommunikation_RUB-1024x684.jpg"},{"@type":"BreadcrumbList","@id":"https:\/\/initiativprojekte.blogs.ruhr-uni-bochum.de\/Startseite\/aktuelle-projekte\/#breadcrumb","itemListElement":[{"@type":"ListItem","position":1,"name":"Startseite","item":"https:\/\/initiativprojekte.blogs.ruhr-uni-bochum.de\/Startseite\/"},{"@type":"ListItem","position":2,"name":"Aktuelle Projekte"}]},{"@type":"WebSite","@id":"https:\/\/initiativprojekte.blogs.ruhr-uni-bochum.de\/Startseite\/#website","url":"https:\/\/initiativprojekte.blogs.ruhr-uni-bochum.de\/Startseite\/","name":"Studentische Initiativprojekte","description":"In der Lehre","publisher":{"@id":"https:\/\/initiativprojekte.blogs.ruhr-uni-bochum.de\/Startseite\/#organization"},"potentialAction":[{"@type":"SearchAction","target":{"@type":"EntryPoint","urlTemplate":"https:\/\/initiativprojekte.blogs.ruhr-uni-bochum.de\/Startseite\/?s={search_term_string}"},"query-input":{"@type":"PropertyValueSpecification","valueRequired":true,"valueName":"search_term_string"}}],"inLanguage":"de"},{"@type":"Organization","@id":"https:\/\/initiativprojekte.blogs.ruhr-uni-bochum.de\/Startseite\/#organization","name":"Studentische Initiativprojekte","url":"https:\/\/initiativprojekte.blogs.ruhr-uni-bochum.de\/Startseite\/","logo":{"@type":"ImageObject","inLanguage":"de","@id":"https:\/\/initiativprojekte.blogs.ruhr-uni-bochum.de\/Startseite\/#\/schema\/logo\/image\/","url":"https:\/\/Initiativprojekte.blogs.ruhr-uni-bochum.de\/wp-content\/uploads\/2023\/06\/Logo_Studentische-Initiativprojekte_RUB_Pfad_final_RGB_Webseite-2-e1686670073199.png","contentUrl":"https:\/\/Initiativprojekte.blogs.ruhr-uni-bochum.de\/wp-content\/uploads\/2023\/06\/Logo_Studentische-Initiativprojekte_RUB_Pfad_final_RGB_Webseite-2-e1686670073199.png","width":250,"height":81,"caption":"Studentische Initiativprojekte"},"image":{"@id":"https:\/\/initiativprojekte.blogs.ruhr-uni-bochum.de\/Startseite\/#\/schema\/logo\/image\/"}}]}},"featured_image_src":null,"featured_image_src_square":null,"_links":{"self":[{"href":"https:\/\/initiativprojekte.blogs.ruhr-uni-bochum.de\/Startseite\/wp-json\/wp\/v2\/pages\/106","targetHints":{"allow":["GET"]}}],"collection":[{"href":"https:\/\/initiativprojekte.blogs.ruhr-uni-bochum.de\/Startseite\/wp-json\/wp\/v2\/pages"}],"about":[{"href":"https:\/\/initiativprojekte.blogs.ruhr-uni-bochum.de\/Startseite\/wp-json\/wp\/v2\/types\/page"}],"author":[{"embeddable":true,"href":"https:\/\/initiativprojekte.blogs.ruhr-uni-bochum.de\/Startseite\/wp-json\/wp\/v2\/users\/2"}],"replies":[{"embeddable":true,"href":"https:\/\/initiativprojekte.blogs.ruhr-uni-bochum.de\/Startseite\/wp-json\/wp\/v2\/comments?post=106"}],"version-history":[{"count":56,"href":"https:\/\/initiativprojekte.blogs.ruhr-uni-bochum.de\/Startseite\/wp-json\/wp\/v2\/pages\/106\/revisions"}],"predecessor-version":[{"id":2689,"href":"https:\/\/initiativprojekte.blogs.ruhr-uni-bochum.de\/Startseite\/wp-json\/wp\/v2\/pages\/106\/revisions\/2689"}],"wp:attachment":[{"href":"https:\/\/initiativprojekte.blogs.ruhr-uni-bochum.de\/Startseite\/wp-json\/wp\/v2\/media?parent=106"}],"curies":[{"name":"wp","href":"https:\/\/api.w.org\/{rel}","templated":true}]}}